{"id":93,"date":"2025-03-04T17:30:28","date_gmt":"2025-03-04T16:30:28","guid":{"rendered":"https:\/\/vqcalveri.com\/?page_id=93"},"modified":"2025-08-21T17:08:24","modified_gmt":"2025-08-21T15:08:24","slug":"home-vq-calveri","status":"publish","type":"page","link":"https:\/\/vqcalveri.com\/","title":{"rendered":"Home VQ Calveri"},"content":{"rendered":"\t\t<div data-elementor-type=\"wp-post\" data-elementor-id=\"93\" class=\"elementor elementor-93\" data-elementor-post-type=\"page\">\n\t\t\t\t<div class=\"elementor-element elementor-element-76c608b e-flex e-con-boxed elementor-invisible e-con e-parent\" data-id=\"76c608b\" data-element_type=\"container\" data-e-type=\"container\" data-settings=\"{&quot;animation&quot;:&quot;fadeIn&quot;}\">\n\t\t\t\t\t<div class=\"e-con-inner\">\n\t\t\t\t<div class=\"elementor-element elementor-element-045409a elementor-widget elementor-widget-spacer\" data-id=\"045409a\" data-element_type=\"widget\" data-e-type=\"widget\" data-widget_type=\"spacer.default\">\n\t\t\t\t<div class=\"elementor-widget-container\">\n\t\t\t\t\t\t\t<div class=\"elementor-spacer\">\n\t\t\t<div class=\"elementor-spacer-inner\"><\/div>\n\t\t<\/div>\n\t\t\t\t\t\t<\/div>\n\t\t\t\t<\/div>\n\t\t\t\t\t<\/div>\n\t\t\t\t<\/div>\n\t\t<div class=\"elementor-element elementor-element-1bba728 e-flex e-con-boxed e-con e-parent\" data-id=\"1bba728\" data-element_type=\"container\" data-e-type=\"container\">\n\t\t\t\t\t<div class=\"e-con-inner\">\n\t\t<div class=\"elementor-element elementor-element-17d5d1b e-con-full animated-slow e-flex elementor-invisible e-con e-child\" data-id=\"17d5d1b\" data-element_type=\"container\" data-e-type=\"container\" data-settings=\"{&quot;animation&quot;:&quot;fadeIn&quot;,&quot;animation_delay&quot;:1000}\">\n\t\t\t\t<div class=\"elementor-element elementor-element-7d368f2 elementor-widget elementor-widget-image\" data-id=\"7d368f2\" data-element_type=\"widget\" data-e-type=\"widget\" data-widget_type=\"image.default\">\n\t\t\t\t<div class=\"elementor-widget-container\">\n\t\t\t\t\t\t\t\t\t\t\t\t\t\t\t<img fetchpriority=\"high\" decoding=\"async\" width=\"1009\" height=\"669\" src=\"https:\/\/vqcalveri.com\/wp-content\/uploads\/2025\/03\/testata-new.webp\" class=\"attachment-full size-full wp-image-219\" alt=\"\" srcset=\"https:\/\/vqcalveri.com\/wp-content\/uploads\/2025\/03\/testata-new.webp 1009w, https:\/\/vqcalveri.com\/wp-content\/uploads\/2025\/03\/testata-new-300x199.webp 300w, https:\/\/vqcalveri.com\/wp-content\/uploads\/2025\/03\/testata-new-768x509.webp 768w\" sizes=\"(max-width: 1009px) 100vw, 1009px\" \/>\t\t\t\t\t\t\t\t\t\t\t\t\t\t\t<\/div>\n\t\t\t\t<\/div>\n\t\t\t\t<\/div>\n\t\t<div class=\"elementor-element elementor-element-851aea0 e-con-full elementor-hidden-mobile e-flex e-con e-child\" data-id=\"851aea0\" data-element_type=\"container\" data-e-type=\"container\">\n\t\t\t\t<div class=\"elementor-element elementor-element-351d1a6 elementor-widget elementor-widget-spacer\" data-id=\"351d1a6\" data-element_type=\"widget\" data-e-type=\"widget\" data-widget_type=\"spacer.default\">\n\t\t\t\t<div class=\"elementor-widget-container\">\n\t\t\t\t\t\t\t<div class=\"elementor-spacer\">\n\t\t\t<div class=\"elementor-spacer-inner\"><\/div>\n\t\t<\/div>\n\t\t\t\t\t\t<\/div>\n\t\t\t\t<\/div>\n\t\t\t\t<\/div>\n\t\t\t\t\t<\/div>\n\t\t\t\t<\/div>\n\t\t<div class=\"elementor-element elementor-element-2a011d6 elementor-hidden-desktop elementor-hidden-tablet e-flex e-con-boxed e-con e-parent\" data-id=\"2a011d6\" data-element_type=\"container\" data-e-type=\"container\" data-settings=\"{&quot;background_background&quot;:&quot;classic&quot;,&quot;animation_mobile&quot;:&quot;fadeIn&quot;}\">\n\t\t\t\t\t<div class=\"e-con-inner\">\n\t\t<div class=\"elementor-element elementor-element-3062cb4 e-con-full e-flex e-con e-child\" data-id=\"3062cb4\" data-element_type=\"container\" data-e-type=\"container\" data-settings=\"{&quot;background_background&quot;:&quot;classic&quot;}\">\n\t\t\t\t<div class=\"elementor-element elementor-element-4260a56 elementor-widget elementor-widget-spacer\" data-id=\"4260a56\" data-element_type=\"widget\" data-e-type=\"widget\" data-widget_type=\"spacer.default\">\n\t\t\t\t<div class=\"elementor-widget-container\">\n\t\t\t\t\t\t\t<div class=\"elementor-spacer\">\n\t\t\t<div class=\"elementor-spacer-inner\"><\/div>\n\t\t<\/div>\n\t\t\t\t\t\t<\/div>\n\t\t\t\t<\/div>\n\t\t\t\t<\/div>\n\t\t\t\t\t<\/div>\n\t\t\t\t<\/div>\n\t\t<div class=\"elementor-element elementor-element-ebb1d7d elementor-hidden-mobile e-flex e-con-boxed e-con e-parent\" data-id=\"ebb1d7d\" data-element_type=\"container\" data-e-type=\"container\">\n\t\t\t\t\t<div class=\"e-con-inner\">\n\t\t<div class=\"elementor-element elementor-element-eb6e452 e-con-full e-flex e-con e-child\" data-id=\"eb6e452\" data-element_type=\"container\" data-e-type=\"container\" data-settings=\"{&quot;background_background&quot;:&quot;classic&quot;}\">\n\t\t\t\t<div class=\"elementor-element elementor-element-3d95cc7 animated-slow elementor-invisible elementor-widget elementor-widget-image\" data-id=\"3d95cc7\" data-element_type=\"widget\" data-e-type=\"widget\" data-settings=\"{&quot;_animation&quot;:&quot;fadeIn&quot;,&quot;_animation_delay&quot;:2000}\" data-widget_type=\"image.default\">\n\t\t\t\t<div class=\"elementor-widget-container\">\n\t\t\t\t\t\t\t\t\t\t\t\t\t\t\t<img decoding=\"async\" width=\"1920\" height=\"1568\" src=\"https:\/\/vqcalveri.com\/wp-content\/uploads\/2025\/08\/vq-top-2.webp\" class=\"attachment-full size-full wp-image-293\" alt=\"\" srcset=\"https:\/\/vqcalveri.com\/wp-content\/uploads\/2025\/08\/vq-top-2.webp 1920w, https:\/\/vqcalveri.com\/wp-content\/uploads\/2025\/08\/vq-top-2-300x245.webp 300w, https:\/\/vqcalveri.com\/wp-content\/uploads\/2025\/08\/vq-top-2-1024x836.webp 1024w, https:\/\/vqcalveri.com\/wp-content\/uploads\/2025\/08\/vq-top-2-768x627.webp 768w, https:\/\/vqcalveri.com\/wp-content\/uploads\/2025\/08\/vq-top-2-1536x1254.webp 1536w\" sizes=\"(max-width: 1920px) 100vw, 1920px\" \/>\t\t\t\t\t\t\t\t\t\t\t\t\t\t\t<\/div>\n\t\t\t\t<\/div>\n\t\t\t\t<\/div>\n\t\t\t\t\t<\/div>\n\t\t\t\t<\/div>\n\t\t<div class=\"elementor-element elementor-element-fef131f animated-slow e-flex e-con-boxed elementor-invisible e-con e-parent\" data-id=\"fef131f\" data-element_type=\"container\" data-e-type=\"container\" data-settings=\"{&quot;animation&quot;:&quot;fadeIn&quot;,&quot;animation_delay&quot;:3000}\">\n\t\t\t\t\t<div class=\"e-con-inner\">\n\t\t<div class=\"elementor-element elementor-element-caead88 e-con-full e-flex e-con e-child\" data-id=\"caead88\" data-element_type=\"container\" data-e-type=\"container\">\n\t\t\t\t<div class=\"elementor-element elementor-element-61b251d elementor-widget__width-initial elementor-widget elementor-widget-video\" data-id=\"61b251d\" data-element_type=\"widget\" data-e-type=\"widget\" data-settings=\"{&quot;video_type&quot;:&quot;hosted&quot;,&quot;mute&quot;:&quot;yes&quot;,&quot;show_image_overlay&quot;:&quot;yes&quot;,&quot;image_overlay&quot;:{&quot;url&quot;:&quot;https:\\\/\\\/vqcalveri.com\\\/wp-content\\\/uploads\\\/2025\\\/02\\\/video-youtube.webp&quot;,&quot;id&quot;:25,&quot;size&quot;:&quot;&quot;,&quot;alt&quot;:&quot;&quot;,&quot;source&quot;:&quot;library&quot;},&quot;lightbox&quot;:&quot;yes&quot;}\" data-widget_type=\"video.default\">\n\t\t\t\t<div class=\"elementor-widget-container\">\n\t\t\t\t\t\t\t<div class=\"e-hosted-video elementor-wrapper elementor-open-lightbox\">\n\t\t\t\t\t\t\t<div class=\"elementor-custom-embed-image-overlay\" data-elementor-open-lightbox=\"yes\" data-elementor-lightbox=\"{&quot;type&quot;:&quot;video&quot;,&quot;videoType&quot;:&quot;hosted&quot;,&quot;url&quot;:&quot;https:\\\/\\\/vqcalveri.com\\\/wp-content\\\/uploads\\\/2025\\\/03\\\/video-youtube-offic.mp4&quot;,&quot;autoplay&quot;:&quot;&quot;,&quot;modalOptions&quot;:{&quot;id&quot;:&quot;elementor-lightbox-61b251d&quot;,&quot;entranceAnimation&quot;:&quot;&quot;,&quot;entranceAnimation_tablet&quot;:&quot;&quot;,&quot;entranceAnimation_mobile&quot;:&quot;&quot;,&quot;videoAspectRatio&quot;:&quot;169&quot;},&quot;videoParams&quot;:{&quot;preload&quot;:&quot;auto&quot;,&quot;muted&quot;:&quot;muted&quot;,&quot;controlsList&quot;:&quot;nodownload&quot;}}\" data-e-action-hash=\"#elementor-action%3Aaction%3Dlightbox%26settings%3DeyJ0eXBlIjoidmlkZW8iLCJ2aWRlb1R5cGUiOiJob3N0ZWQiLCJ1cmwiOiJodHRwczpcL1wvdnFjYWx2ZXJpLmNvbVwvd3AtY29udGVudFwvdXBsb2Fkc1wvMjAyNVwvMDNcL3ZpZGVvLXlvdXR1YmUtb2ZmaWMubXA0IiwiYXV0b3BsYXkiOiIiLCJtb2RhbE9wdGlvbnMiOnsiaWQiOiJlbGVtZW50b3ItbGlnaHRib3gtNjFiMjUxZCIsImVudHJhbmNlQW5pbWF0aW9uIjoiIiwiZW50cmFuY2VBbmltYXRpb25fdGFibGV0IjoiIiwiZW50cmFuY2VBbmltYXRpb25fbW9iaWxlIjoiIiwidmlkZW9Bc3BlY3RSYXRpbyI6IjE2OSJ9LCJ2aWRlb1BhcmFtcyI6eyJwcmVsb2FkIjoiYXV0byIsIm11dGVkIjoibXV0ZWQiLCJjb250cm9sc0xpc3QiOiJub2Rvd25sb2FkIn19\">\n\t\t\t\t\t\t\t\t\t\t\t<img decoding=\"async\" width=\"1831\" height=\"925\" src=\"https:\/\/vqcalveri.com\/wp-content\/uploads\/2025\/02\/video-youtube.webp\" class=\"attachment-full size-full wp-image-25\" alt=\"\" srcset=\"https:\/\/vqcalveri.com\/wp-content\/uploads\/2025\/02\/video-youtube.webp 1831w, https:\/\/vqcalveri.com\/wp-content\/uploads\/2025\/02\/video-youtube-300x152.webp 300w, https:\/\/vqcalveri.com\/wp-content\/uploads\/2025\/02\/video-youtube-1024x517.webp 1024w, https:\/\/vqcalveri.com\/wp-content\/uploads\/2025\/02\/video-youtube-768x388.webp 768w, https:\/\/vqcalveri.com\/wp-content\/uploads\/2025\/02\/video-youtube-1536x776.webp 1536w\" sizes=\"(max-width: 1831px) 100vw, 1831px\" \/>\t\t\t\t\t\t\t\t\t\t\t\t\t\t<\/div>\n\t\t\t\t\t<\/div>\n\t\t\t\t\t\t<\/div>\n\t\t\t\t<\/div>\n\t\t\t\t<\/div>\n\t\t\t\t\t<\/div>\n\t\t\t\t<\/div>\n\t\t<div class=\"elementor-element elementor-element-1a30cfc e-flex e-con-boxed elementor-invisible e-con e-parent\" data-id=\"1a30cfc\" data-element_type=\"container\" data-e-type=\"container\" data-settings=\"{&quot;background_background&quot;:&quot;classic&quot;,&quot;animation&quot;:&quot;fadeIn&quot;,&quot;animation_delay&quot;:3000}\">\n\t\t\t\t\t<div class=\"e-con-inner\">\n\t\t<div class=\"elementor-element elementor-element-bf5af43 e-con-full e-flex e-con e-child\" data-id=\"bf5af43\" data-element_type=\"container\" data-e-type=\"container\">\n\t\t\t\t<div class=\"elementor-element elementor-element-17bf69f elementor-invisible elementor-widget elementor-widget-image\" data-id=\"17bf69f\" data-element_type=\"widget\" data-e-type=\"widget\" data-settings=\"{&quot;_animation&quot;:&quot;fadeIn&quot;}\" data-widget_type=\"image.default\">\n\t\t\t\t<div class=\"elementor-widget-container\">\n\t\t\t\t\t\t\t\t\t\t\t\t\t\t\t<img loading=\"lazy\" decoding=\"async\" width=\"1271\" height=\"1568\" src=\"https:\/\/vqcalveri.com\/wp-content\/uploads\/2025\/03\/auto-sx-flash.webp\" class=\"attachment-full size-full wp-image-106\" alt=\"\" srcset=\"https:\/\/vqcalveri.com\/wp-content\/uploads\/2025\/03\/auto-sx-flash.webp 1271w, https:\/\/vqcalveri.com\/wp-content\/uploads\/2025\/03\/auto-sx-flash-243x300.webp 243w, https:\/\/vqcalveri.com\/wp-content\/uploads\/2025\/03\/auto-sx-flash-830x1024.webp 830w, https:\/\/vqcalveri.com\/wp-content\/uploads\/2025\/03\/auto-sx-flash-768x947.webp 768w, https:\/\/vqcalveri.com\/wp-content\/uploads\/2025\/03\/auto-sx-flash-1245x1536.webp 1245w\" sizes=\"(max-width: 1271px) 100vw, 1271px\" \/>\t\t\t\t\t\t\t\t\t\t\t\t\t\t\t<\/div>\n\t\t\t\t<\/div>\n\t\t\t\t<\/div>\n\t\t<div class=\"elementor-element elementor-element-a170bc1 e-con-full e-flex e-con e-child\" data-id=\"a170bc1\" data-element_type=\"container\" data-e-type=\"container\">\n\t\t\t\t<div class=\"elementor-element elementor-element-6547434 elementor-widget elementor-widget-spacer\" data-id=\"6547434\" data-element_type=\"widget\" data-e-type=\"widget\" data-widget_type=\"spacer.default\">\n\t\t\t\t<div class=\"elementor-widget-container\">\n\t\t\t\t\t\t\t<div class=\"elementor-spacer\">\n\t\t\t<div class=\"elementor-spacer-inner\"><\/div>\n\t\t<\/div>\n\t\t\t\t\t\t<\/div>\n\t\t\t\t<\/div>\n\t\t\t\t<div class=\"elementor-element elementor-element-a485139 elementor-widget__width-initial elementor-invisible elementor-widget elementor-widget-heading\" data-id=\"a485139\" data-element_type=\"widget\" data-e-type=\"widget\" data-settings=\"{&quot;_animation&quot;:&quot;fadeIn&quot;}\" data-widget_type=\"heading.default\">\n\t\t\t\t<div class=\"elementor-widget-container\">\n\t\t\t\t\t<h2 class=\"elementor-heading-title elementor-size-default\">Il vicequestore Maurizio Calveri \u00e8 un uomo braccato dal passato<\/h2>\t\t\t\t<\/div>\n\t\t\t\t<\/div>\n\t\t\t\t<div class=\"elementor-element elementor-element-076829c elementor-widget__width-initial elementor-invisible elementor-widget elementor-widget-heading\" data-id=\"076829c\" data-element_type=\"widget\" data-e-type=\"widget\" data-settings=\"{&quot;_animation&quot;:&quot;fadeIn&quot;}\" data-widget_type=\"heading.default\">\n\t\t\t\t<div class=\"elementor-widget-container\">\n\t\t\t\t\t<h2 class=\"elementor-heading-title elementor-size-default\">Un passato che lo ha costretto a prendere decisioni difficili, ad allontanarsi da ci\u00f2 che pi\u00f9 ama. Un passato che lo insegue nei corridoi del commissariato e nei silenzi che popolano la sua vita.<\/h2>\t\t\t\t<\/div>\n\t\t\t\t<\/div>\n\t\t\t\t<\/div>\n\t\t\t\t\t<\/div>\n\t\t\t\t<\/div>\n\t\t<div class=\"elementor-element elementor-element-5ced0f2 e-flex e-con-boxed e-con e-parent\" data-id=\"5ced0f2\" data-element_type=\"container\" data-e-type=\"container\" data-settings=\"{&quot;background_background&quot;:&quot;classic&quot;}\">\n\t\t\t\t\t<div class=\"e-con-inner\">\n\t\t<div class=\"elementor-element elementor-element-d267625 e-con-full e-flex e-con e-child\" data-id=\"d267625\" data-element_type=\"container\" data-e-type=\"container\">\n\t\t\t\t<div class=\"elementor-element elementor-element-18a7ef2 elementor-widget elementor-widget-spacer\" data-id=\"18a7ef2\" data-element_type=\"widget\" data-e-type=\"widget\" data-widget_type=\"spacer.default\">\n\t\t\t\t<div class=\"elementor-widget-container\">\n\t\t\t\t\t\t\t<div class=\"elementor-spacer\">\n\t\t\t<div class=\"elementor-spacer-inner\"><\/div>\n\t\t<\/div>\n\t\t\t\t\t\t<\/div>\n\t\t\t\t<\/div>\n\t\t\t\t<div class=\"elementor-element elementor-element-d64c503 elementor-widget__width-initial elementor-invisible elementor-widget elementor-widget-heading\" data-id=\"d64c503\" data-element_type=\"widget\" data-e-type=\"widget\" data-settings=\"{&quot;_animation&quot;:&quot;fadeIn&quot;}\" data-widget_type=\"heading.default\">\n\t\t\t\t<div class=\"elementor-widget-container\">\n\t\t\t\t\t<h2 class=\"elementor-heading-title elementor-size-default\">Adesso esule nella sua citt\u00e0 natale, dove sotto la superficie di un mare limpido si possono celare abissi oscuri,<\/h2>\t\t\t\t<\/div>\n\t\t\t\t<\/div>\n\t\t\t\t<div class=\"elementor-element elementor-element-c6423a1 elementor-widget__width-initial elementor-invisible elementor-widget elementor-widget-heading\" data-id=\"c6423a1\" data-element_type=\"widget\" data-e-type=\"widget\" data-settings=\"{&quot;_animation&quot;:&quot;fadeIn&quot;}\" data-widget_type=\"heading.default\">\n\t\t\t\t<div class=\"elementor-widget-container\">\n\t\t\t\t\t<h2 class=\"elementor-heading-title elementor-size-default\">dove le apparenze sono spesso il miglior modo per ingannare il prossimo, la sua capacit\u00e0 di intuire le fragilit\u00e0 umane gli permette di svelare ci\u00f2 che \u00e8 invisibile a prima vista.<\/h2>\t\t\t\t<\/div>\n\t\t\t\t<\/div>\n\t\t\t\t<\/div>\n\t\t<div class=\"elementor-element elementor-element-5178f88 e-con-full e-flex e-con e-child\" data-id=\"5178f88\" data-element_type=\"container\" data-e-type=\"container\">\n\t\t\t\t<div class=\"elementor-element elementor-element-aafa287 elementor-invisible elementor-widget elementor-widget-image\" data-id=\"aafa287\" data-element_type=\"widget\" data-e-type=\"widget\" data-settings=\"{&quot;_animation&quot;:&quot;fadeIn&quot;}\" data-widget_type=\"image.default\">\n\t\t\t\t<div class=\"elementor-widget-container\">\n\t\t\t\t\t\t\t\t\t\t\t\t\t\t\t<img loading=\"lazy\" decoding=\"async\" width=\"1572\" height=\"1920\" src=\"https:\/\/vqcalveri.com\/wp-content\/uploads\/2025\/03\/vq-sedia-dx.webp\" class=\"attachment-full size-full wp-image-107\" alt=\"\" srcset=\"https:\/\/vqcalveri.com\/wp-content\/uploads\/2025\/03\/vq-sedia-dx.webp 1572w, https:\/\/vqcalveri.com\/wp-content\/uploads\/2025\/03\/vq-sedia-dx-246x300.webp 246w, https:\/\/vqcalveri.com\/wp-content\/uploads\/2025\/03\/vq-sedia-dx-838x1024.webp 838w, https:\/\/vqcalveri.com\/wp-content\/uploads\/2025\/03\/vq-sedia-dx-768x938.webp 768w, https:\/\/vqcalveri.com\/wp-content\/uploads\/2025\/03\/vq-sedia-dx-1257x1536.webp 1257w\" sizes=\"(max-width: 1572px) 100vw, 1572px\" \/>\t\t\t\t\t\t\t\t\t\t\t\t\t\t\t<\/div>\n\t\t\t\t<\/div>\n\t\t\t\t<\/div>\n\t\t\t\t\t<\/div>\n\t\t\t\t<\/div>\n\t\t<div class=\"elementor-element elementor-element-15254c8 e-flex e-con-boxed e-con e-parent\" data-id=\"15254c8\" data-element_type=\"container\" data-e-type=\"container\">\n\t\t\t\t\t<div class=\"e-con-inner\">\n\t\t\t\t<div class=\"elementor-element elementor-element-86de397 elementor-widget__width-initial animated-slow elementor-hidden-desktop elementor-hidden-tablet elementor-invisible elementor-widget elementor-widget-heading\" data-id=\"86de397\" data-element_type=\"widget\" data-e-type=\"widget\" data-settings=\"{&quot;_animation&quot;:&quot;fadeIn&quot;,&quot;_animation_delay&quot;:1000}\" data-widget_type=\"heading.default\">\n\t\t\t\t<div class=\"elementor-widget-container\">\n\t\t\t\t\t<h2 class=\"elementor-heading-title elementor-size-default\">Calveri \u00e8 l\u2019uomo dalle sfumature grigie,<\/h2>\t\t\t\t<\/div>\n\t\t\t\t<\/div>\n\t\t\t\t<div class=\"elementor-element elementor-element-c585323 elementor-widget__width-initial animated-slow elementor-hidden-desktop elementor-hidden-tablet elementor-invisible elementor-widget elementor-widget-heading\" data-id=\"c585323\" data-element_type=\"widget\" data-e-type=\"widget\" data-settings=\"{&quot;_animation&quot;:&quot;fadeIn&quot;,&quot;_animation_delay&quot;:1000}\" data-widget_type=\"heading.default\">\n\t\t\t\t<div class=\"elementor-widget-container\">\n\t\t\t\t\t<h2 class=\"elementor-heading-title elementor-size-default\">uno che sa bene quanto la linea tra il bene e il male sia talmente sottile da confondersi con l\u2019orizzonte del mare<\/h2>\t\t\t\t<\/div>\n\t\t\t\t<\/div>\n\t\t\t\t<div class=\"elementor-element elementor-element-5817f36 elementor-widget elementor-widget-spacer\" data-id=\"5817f36\" data-element_type=\"widget\" data-e-type=\"widget\" data-widget_type=\"spacer.default\">\n\t\t\t\t<div class=\"elementor-widget-container\">\n\t\t\t\t\t\t\t<div class=\"elementor-spacer\">\n\t\t\t<div class=\"elementor-spacer-inner\"><\/div>\n\t\t<\/div>\n\t\t\t\t\t\t<\/div>\n\t\t\t\t<\/div>\n\t\t\t\t<div class=\"elementor-element elementor-element-147d9dc elementor-widget__width-initial animated-slow elementor-hidden-mobile elementor-invisible elementor-widget elementor-widget-heading\" data-id=\"147d9dc\" data-element_type=\"widget\" data-e-type=\"widget\" data-settings=\"{&quot;_animation&quot;:&quot;fadeIn&quot;,&quot;_animation_delay&quot;:1000}\" data-widget_type=\"heading.default\">\n\t\t\t\t<div class=\"elementor-widget-container\">\n\t\t\t\t\t<h2 class=\"elementor-heading-title elementor-size-default\">Calveri \u00e8 l\u2019uomo dalle sfumature grigie, uno che sa bene quanto\n<br>la linea tra il bene e il male sia talmente sottile da confondersi <br>con l\u2019orizzonte del mare<\/h2>\t\t\t\t<\/div>\n\t\t\t\t<\/div>\n\t\t\t\t<div class=\"elementor-element elementor-element-e388f0c animated-slow elementor-invisible elementor-widget elementor-widget-image\" data-id=\"e388f0c\" data-element_type=\"widget\" data-e-type=\"widget\" data-settings=\"{&quot;_animation&quot;:&quot;fadeIn&quot;}\" data-widget_type=\"image.default\">\n\t\t\t\t<div class=\"elementor-widget-container\">\n\t\t\t\t\t\t\t\t\t\t\t\t\t\t\t<img loading=\"lazy\" decoding=\"async\" width=\"1920\" height=\"1004\" src=\"https:\/\/vqcalveri.com\/wp-content\/uploads\/2025\/02\/immagine-landig-page-deriva-scaled.webp\" class=\"attachment-full size-full wp-image-20\" alt=\"\" srcset=\"https:\/\/vqcalveri.com\/wp-content\/uploads\/2025\/02\/immagine-landig-page-deriva-scaled.webp 1920w, https:\/\/vqcalveri.com\/wp-content\/uploads\/2025\/02\/immagine-landig-page-deriva-300x157.webp 300w, https:\/\/vqcalveri.com\/wp-content\/uploads\/2025\/02\/immagine-landig-page-deriva-1024x536.webp 1024w, https:\/\/vqcalveri.com\/wp-content\/uploads\/2025\/02\/immagine-landig-page-deriva-768x402.webp 768w, https:\/\/vqcalveri.com\/wp-content\/uploads\/2025\/02\/immagine-landig-page-deriva-1536x803.webp 1536w\" sizes=\"(max-width: 1920px) 100vw, 1920px\" \/>\t\t\t\t\t\t\t\t\t\t\t\t\t\t\t<\/div>\n\t\t\t\t<\/div>\n\t\t\t\t\t<\/div>\n\t\t\t\t<\/div>\n\t\t<div class=\"elementor-element elementor-element-e382e10 elementor-hidden-mobile e-flex e-con-boxed e-con e-parent\" data-id=\"e382e10\" data-element_type=\"container\" data-e-type=\"container\">\n\t\t\t\t\t<div class=\"e-con-inner\">\n\t\t\t\t<div class=\"elementor-element elementor-element-3dbb45f animated-slow elementor-invisible elementor-widget elementor-widget-image\" data-id=\"3dbb45f\" data-element_type=\"widget\" data-e-type=\"widget\" data-settings=\"{&quot;_animation&quot;:&quot;fadeIn&quot;,&quot;_animation_delay&quot;:1000}\" data-widget_type=\"image.default\">\n\t\t\t\t<div class=\"elementor-widget-container\">\n\t\t\t\t\t\t\t\t\t\t\t\t\t\t\t<img loading=\"lazy\" decoding=\"async\" width=\"1831\" height=\"1456\" src=\"https:\/\/vqcalveri.com\/wp-content\/uploads\/2025\/03\/footer-amazon.webp\" class=\"attachment-full size-full wp-image-223\" alt=\"\" srcset=\"https:\/\/vqcalveri.com\/wp-content\/uploads\/2025\/03\/footer-amazon.webp 1831w, https:\/\/vqcalveri.com\/wp-content\/uploads\/2025\/03\/footer-amazon-300x239.webp 300w, https:\/\/vqcalveri.com\/wp-content\/uploads\/2025\/03\/footer-amazon-1024x814.webp 1024w, https:\/\/vqcalveri.com\/wp-content\/uploads\/2025\/03\/footer-amazon-768x611.webp 768w, https:\/\/vqcalveri.com\/wp-content\/uploads\/2025\/03\/footer-amazon-1536x1221.webp 1536w\" sizes=\"(max-width: 1831px) 100vw, 1831px\" \/>\t\t\t\t\t\t\t\t\t\t\t\t\t\t\t<\/div>\n\t\t\t\t<\/div>\n\t\t\t\t\t<\/div>\n\t\t\t\t<\/div>\n\t\t<div class=\"elementor-element elementor-element-6d63aaf elementor-hidden-desktop elementor-hidden-tablet e-flex e-con-boxed e-con e-parent\" data-id=\"6d63aaf\" data-element_type=\"container\" data-e-type=\"container\" data-settings=\"{&quot;background_background&quot;:&quot;classic&quot;}\">\n\t\t\t\t\t<div class=\"e-con-inner\">\n\t\t\t\t<div class=\"elementor-element elementor-element-2a25758 elementor-widget elementor-widget-spacer\" data-id=\"2a25758\" data-element_type=\"widget\" data-e-type=\"widget\" data-widget_type=\"spacer.default\">\n\t\t\t\t<div class=\"elementor-widget-container\">\n\t\t\t\t\t\t\t<div class=\"elementor-spacer\">\n\t\t\t<div class=\"elementor-spacer-inner\"><\/div>\n\t\t<\/div>\n\t\t\t\t\t\t<\/div>\n\t\t\t\t<\/div>\n\t\t\t\t\t<\/div>\n\t\t\t\t<\/div>\n\t\t<div class=\"elementor-element elementor-element-7476bd5 e-con-full e-flex e-con e-parent\" data-id=\"7476bd5\" data-element_type=\"container\" data-e-type=\"container\" data-settings=\"{&quot;sticky&quot;:&quot;bottom&quot;,&quot;sticky_on&quot;:[&quot;desktop&quot;,&quot;tablet&quot;,&quot;mobile&quot;],&quot;sticky_offset&quot;:0,&quot;sticky_effects_offset&quot;:0,&quot;sticky_anchor_link_offset&quot;:0}\">\n\t\t\t\t<div class=\"elementor-element elementor-element-d3e1d1a elementor-align-center elementor-widget elementor-widget-button\" data-id=\"d3e1d1a\" data-element_type=\"widget\" data-e-type=\"widget\" data-widget_type=\"button.default\">\n\t\t\t\t<div class=\"elementor-widget-container\">\n\t\t\t\t\t\t\t\t\t<div class=\"elementor-button-wrapper\">\n\t\t\t\t\t<a class=\"elementor-button elementor-button-link elementor-size-sm\" href=\"https:\/\/amzn.eu\/d\/04ZGxCP\">\n\t\t\t\t\t\t<span class=\"elementor-button-content-wrapper\">\n\t\t\t\t\t\t\t\t\t<span class=\"elementor-button-text\">Acquista la tua copia \u25b6<\/span>\n\t\t\t\t\t<\/span>\n\t\t\t\t\t<\/a>\n\t\t\t\t<\/div>\n\t\t\t\t\t\t\t\t<\/div>\n\t\t\t\t<\/div>\n\t\t\t\t<\/div>\n\t\t\t\t<\/div>\n\t\t","protected":false},"excerpt":{"rendered":"<p>https:\/\/vqcalveri.com\/wp-content\/uploads\/2025\/03\/video-youtube-offic.mp4 Il vicequestore Maurizio Calveri \u00e8 un uomo braccato dal passato Un passato che lo ha costretto a prendere decisioni difficili, ad allontanarsi da ci\u00f2 che pi\u00f9 ama. Un passato che lo insegue nei corridoi del commissariato e nei silenzi che popolano la sua vita. Adesso esule nella sua citt\u00e0 natale, dove sotto la superficie [&hellip;]<\/p>\n","protected":false},"author":1,"featured_media":0,"parent":0,"menu_order":0,"comment_status":"closed","ping_status":"closed","template":"elementor_canvas","meta":{"footnotes":""},"class_list":["post-93","page","type-page","status-publish","hentry"],"_links":{"self":[{"href":"https:\/\/vqcalveri.com\/index.php?rest_route=\/wp\/v2\/pages\/93","targetHints":{"allow":["GET"]}}],"collection":[{"href":"https:\/\/vqcalveri.com\/index.php?rest_route=\/wp\/v2\/pages"}],"about":[{"href":"https:\/\/vqcalveri.com\/index.php?rest_route=\/wp\/v2\/types\/page"}],"author":[{"embeddable":true,"href":"https:\/\/vqcalveri.com\/index.php?rest_route=\/wp\/v2\/users\/1"}],"replies":[{"embeddable":true,"href":"https:\/\/vqcalveri.com\/index.php?rest_route=%2Fwp%2Fv2%2Fcomments&post=93"}],"version-history":[{"count":174,"href":"https:\/\/vqcalveri.com\/index.php?rest_route=\/wp\/v2\/pages\/93\/revisions"}],"predecessor-version":[{"id":303,"href":"https:\/\/vqcalveri.com\/index.php?rest_route=\/wp\/v2\/pages\/93\/revisions\/303"}],"wp:attachment":[{"href":"https:\/\/vqcalveri.com\/index.php?rest_route=%2Fwp%2Fv2%2Fmedia&parent=93"}],"curies":[{"name":"wp","href":"https:\/\/api.w.org\/{rel}","templated":true}]}}